{"id":8,"date":"2024-01-09T15:54:57","date_gmt":"2024-01-09T14:54:57","guid":{"rendered":"http:\/\/guidepeche07.fr\/?page_id=8"},"modified":"2024-01-19T11:38:24","modified_gmt":"2024-01-19T10:38:24","slug":"mentions-legales","status":"publish","type":"page","link":"https:\/\/guidepeche07.fr\/index.php\/mentions-legales\/","title":{"rendered":"Mentions l\u00e9gales"},"content":{"rendered":"\t\t<div data-elementor-type=\"wp-page\" data-elementor-id=\"8\" class=\"elementor elementor-8\">\n\t\t\t\t<div class=\"elementor-element elementor-element-6e6130d e-flex e-con-boxed e-con e-parent\" data-id=\"6e6130d\" data-element_type=\"container\" data-e-type=\"container\">\n\t\t\t\t\t<div class=\"e-con-inner\">\n\t\t\t\t<div class=\"elementor-element elementor-element-cbe8a4f elementor-widget elementor-widget-heading\" data-id=\"cbe8a4f\" data-element_type=\"widget\" data-e-type=\"widget\" data-widget_type=\"heading.default\">\n\t\t\t\t<div class=\"elementor-widget-container\">\n\t\t\t\t\t<h5 class=\"elementor-heading-title elementor-size-default\">Mentions l\u00e9gales<\/h5>\t\t\t\t<\/div>\n\t\t\t\t<\/div>\n\t\t\t\t\t<\/div>\n\t\t\t\t<\/div>\n\t\t<div class=\"elementor-element elementor-element-ebe6cf7 e-flex e-con-boxed e-con e-parent\" data-id=\"ebe6cf7\" data-element_type=\"container\" data-e-type=\"container\">\n\t\t\t\t\t<div class=\"e-con-inner\">\n\t\t\t\t<div class=\"elementor-element elementor-element-2b9911c6 elementor-widget elementor-widget-text-editor\" data-id=\"2b9911c6\" data-element_type=\"widget\" data-e-type=\"widget\" data-widget_type=\"text-editor.default\">\n\t\t\t\t<div class=\"elementor-widget-container\">\n\t\t\t\t\t\t\t\t\t\n<p><strong>Directeur de la publication et responsable de la r\u00e9daction :<br \/><\/strong>Mr TEYSSEIRE Quentin<br \/><em>T\u00e9l\u00e9phone :<\/em>\u00a006 58 71 28 42<br \/><em>Email :<\/em>\u00a0quentin.teysseire07@gmail.com<br \/><br \/>135 Chemin de l&rsquo;Arbre,<br \/>07000, St-Julien en St-Alban<\/p>\n<p><strong>Raison sociale :<br \/><\/strong>Quentin TEYSSEIRE &#8211; Entrepreneur individuel\u00a0<br \/><em>N\u00b0 SIRET :\u00a0<\/em>982863664 00016<br \/><em>N\u00b0 d&rsquo;immatriculation au RCS<\/em>\u00a0:<br \/><em>N\u00b0 d&rsquo;identification \u00e0 la TVA :<br \/>Code APE : 8551Z<br \/>N\u00b0 carte professionnelle :<\/em> 00724ED0006<\/p>\n\n<p><strong>H\u00e9bergeur : <\/strong><br \/>OVH<br \/>2 rue Kellermann<br \/>59100 Roubaix<br \/>France<br \/><em>T\u00e9l\u00e9phone :<\/em> 09 72 10 10 07<\/p>\n<p><strong>Cr\u00e9dit photos :\u00a0<\/strong><br \/>Mr TEYSSEIRE Quentin<br \/>Mr VEROT Jacques<\/p>\n<p><strong>Traitement des donn\u00e9es personnelles :<br \/><\/strong><span class=\"C9DxTc \">Loi \u00ab\u00a0Informatique et Libert\u00e9s\u00a0\u00bb<\/span><span class=\"C9DxTc \"><br \/><\/span><span class=\"C9DxTc \">Les informations qui vous concernent et recueillies sur le site \u00ab\u00a0htpps:\/\/www.guidepeche07.fr\u00a0\u00bb sont destin\u00e9es uniquement \u00e0 la soci\u00e9t\u00e9 Quentin Teysseire. Vous disposez d&rsquo;un droit d&rsquo;acc\u00e8s, de modification, rectification, de suppression, des donn\u00e9es qui vous concernent (art.34 de la loi \u00ab\u00a0Informatique et Libert\u00e9s\u00a0\u00bb). Pour l&rsquo;exercer, envoyez nous un e-mail \u00e0 &#8230;<\/span><\/p>\n<p><strong>Propri\u00e9t\u00e9 intellectuelle :<br \/><\/strong><strong><\/strong>https:\/\/www.guidepeche07.fr est propri\u00e9taire des droits de propri\u00e9t\u00e9 intellectuelle ou d\u00e9tient les droits d&rsquo;usages sur tous les \u00e9l\u00e9ments accessibles sur le site (textes, images, logo, logiciels).\u00a0\u00a0<\/p>\n<p><br \/><span class=\"C9DxTc \">Aucune reproduction, modification, adaptation, publication m\u00eame partielle,\u00a0 ne peut \u00eatre faite de ce site sans l&rsquo;autorisation \u00e9crite de l&rsquo;auteur.<br \/><\/span><span class=\"C9DxTc \">Toute exploitation non autoris\u00e9e du site ou d&rsquo;un quelconque \u00e9l\u00e9ment qu&rsquo;il contient sera consid\u00e9r\u00e9e comme contrefa\u00e7on et poursuivie conform\u00e9ment aux dispositions des articles L.335-2 et suivants du Code de Propri\u00e9t\u00e9 Intellectuelle.\u00a0\u00a0<br \/><\/span><\/p>\n<p><strong>Hyperliens<\/strong><br \/>Les sites peuvent offrir des liens vers d&rsquo;autres sites internet ou d&rsquo;autres ressources disponibles sur le web. https:\/\/guidepeche07.fr ne poss\u00e8de aucun moyen pour contr\u00f4ler les sites en connexions avec ses sites internet. Par cons\u00e9quent, https:\/\/guidepeche07.fr ne peut \u00eatre consid\u00e9r\u00e9 comme responsable de tout dommage cons\u00e9cutif du contenu de ces sites ou sources externes. Les risques appartiennent pleinement \u00e0 l&rsquo;utilisateur qui doit s&rsquo;adapter \u00e0 leurs clauses.\u00a0\u00a0<\/p>\n\n<p><\/p>\n\t\t\t\t\t\t\t\t<\/div>\n\t\t\t\t<\/div>\n\t\t\t\t\t<\/div>\n\t\t\t\t<\/div>\n\t\t\t\t<\/div>\n\t\t","protected":false},"excerpt":{"rendered":"<p>Mentions l\u00e9gales Directeur de la publication et responsable de la r\u00e9daction :Mr TEYSSEIRE QuentinT\u00e9l\u00e9phone :\u00a006 58 71 28 42Email :\u00a0quentin.teysseire07@gmail.com 135 Chemin de l&rsquo;Arbre,07000, St-Julien en St-Alban Raison sociale :Quentin TEYSSEIRE &#8211; Entrepreneur individuel\u00a0N\u00b0 SIRET :\u00a0982863664 00016N\u00b0 d&rsquo;immatriculation au RCS\u00a0:N\u00b0 d&rsquo;identification \u00e0 la TVA :Code APE : 8551ZN\u00b0 carte professionnelle [&hellip;]<\/p>\n","protected":false},"author":1,"featured_media":0,"parent":0,"menu_order":0,"comment_status":"closed","ping_status":"closed","template":"elementor_header_footer","meta":{"om_disable_all_campaigns":false,"_monsterinsights_skip_tracking":false,"_monsterinsights_sitenote_active":false,"_monsterinsights_sitenote_note":"","_monsterinsights_sitenote_category":0,"footnotes":""},"class_list":["post-8","page","type-page","status-publish","hentry"],"aioseo_notices":[],"_links":{"self":[{"href":"https:\/\/guidepeche07.fr\/index.php\/wp-json\/wp\/v2\/pages\/8","targetHints":{"allow":["GET"]}}],"collection":[{"href":"https:\/\/guidepeche07.fr\/index.php\/wp-json\/wp\/v2\/pages"}],"about":[{"href":"https:\/\/guidepeche07.fr\/index.php\/wp-json\/wp\/v2\/types\/page"}],"author":[{"embeddable":true,"href":"https:\/\/guidepeche07.fr\/index.php\/wp-json\/wp\/v2\/users\/1"}],"replies":[{"embeddable":true,"href":"https:\/\/guidepeche07.fr\/index.php\/wp-json\/wp\/v2\/comments?post=8"}],"version-history":[{"count":40,"href":"https:\/\/guidepeche07.fr\/index.php\/wp-json\/wp\/v2\/pages\/8\/revisions"}],"predecessor-version":[{"id":1510,"href":"https:\/\/guidepeche07.fr\/index.php\/wp-json\/wp\/v2\/pages\/8\/revisions\/1510"}],"wp:attachment":[{"href":"https:\/\/guidepeche07.fr\/index.php\/wp-json\/wp\/v2\/media?parent=8"}],"curies":[{"name":"wp","href":"https:\/\/api.w.org\/{rel}","templated":true}]}}