{"id":2903,"date":"2024-12-19T19:33:40","date_gmt":"2024-12-19T18:33:40","guid":{"rendered":"https:\/\/guidepeche07.fr\/?page_id=2903"},"modified":"2025-05-19T22:39:22","modified_gmt":"2025-05-19T20:39:22","slug":"ou-pecher","status":"publish","type":"page","link":"https:\/\/guidepeche07.fr\/index.php\/ou-pecher\/","title":{"rendered":"O\u00f9 p\u00eacher ?"},"content":{"rendered":"\t\t<div data-elementor-type=\"wp-page\" data-elementor-id=\"2903\" class=\"elementor elementor-2903\">\n\t\t\t\t<div class=\"elementor-element elementor-element-b44428b e-flex e-con-boxed e-con e-parent\" data-id=\"b44428b\" data-element_type=\"container\" data-e-type=\"container\" data-settings=\"{&quot;background_background&quot;:&quot;classic&quot;}\">\n\t\t\t\t\t<div class=\"e-con-inner\">\n\t\t\t\t<div class=\"elementor-element elementor-element-24a6801 elementor-widget elementor-widget-spacer\" data-id=\"24a6801\" data-element_type=\"widget\" data-e-type=\"widget\" data-widget_type=\"spacer.default\">\n\t\t\t\t<div class=\"elementor-widget-container\">\n\t\t\t\t\t\t\t<div class=\"elementor-spacer\">\n\t\t\t<div class=\"elementor-spacer-inner\"><\/div>\n\t\t<\/div>\n\t\t\t\t\t\t<\/div>\n\t\t\t\t<\/div>\n\t\t\t\t\t<\/div>\n\t\t\t\t<\/div>\n\t\t<div class=\"elementor-element elementor-element-c20b96a e-flex e-con-boxed e-con e-parent\" data-id=\"c20b96a\" data-element_type=\"container\" data-e-type=\"container\">\n\t\t\t\t\t<div class=\"e-con-inner\">\n\t\t\t\t<div class=\"elementor-element elementor-element-2b60097 elementor-widget-divider--view-line elementor-widget elementor-widget-divider\" data-id=\"2b60097\" data-element_type=\"widget\" data-e-type=\"widget\" data-widget_type=\"divider.default\">\n\t\t\t\t<div class=\"elementor-widget-container\">\n\t\t\t\t\t\t\t<div class=\"elementor-divider\">\n\t\t\t<span class=\"elementor-divider-separator\">\n\t\t\t\t\t\t<\/span>\n\t\t<\/div>\n\t\t\t\t\t\t<\/div>\n\t\t\t\t<\/div>\n\t\t\t\t\t<\/div>\n\t\t\t\t<\/div>\n\t\t<div class=\"elementor-element elementor-element-fa1fd59 e-flex e-con-boxed e-con e-parent\" data-id=\"fa1fd59\" data-element_type=\"container\" data-e-type=\"container\">\n\t\t\t\t\t<div class=\"e-con-inner\">\n\t\t\t\t<div class=\"elementor-element elementor-element-37a5467 elementor-widget elementor-widget-heading\" data-id=\"37a5467\" data-element_type=\"widget\" data-e-type=\"widget\" data-widget_type=\"heading.default\">\n\t\t\t\t<div class=\"elementor-widget-container\">\n\t\t\t\t\t<h1 class=\"elementor-heading-title elementor-size-default\">Les spots de p\u00eache <\/h1>\t\t\t\t<\/div>\n\t\t\t\t<\/div>\n\t\t\t\t<div class=\"elementor-element elementor-element-23f5d5a elementor-widget elementor-widget-text-editor\" data-id=\"23f5d5a\" data-element_type=\"widget\" data-e-type=\"widget\" data-widget_type=\"text-editor.default\">\n\t\t\t\t<div class=\"elementor-widget-container\">\n\t\t\t\t\t\t\t\t\t<p>Des rivi\u00e8res et lacs avec des paysages \u00e0 couper le souffle et des poissons aux robes si particuli\u00e8res qui laissent r\u00eaveur&#8230;\u00a0\u00a0<\/p>\t\t\t\t\t\t\t\t<\/div>\n\t\t\t\t<\/div>\n\t\t\t\t\t<\/div>\n\t\t\t\t<\/div>\n\t\t<div class=\"elementor-element elementor-element-d8eb3d0 e-flex e-con-boxed e-con e-parent\" data-id=\"d8eb3d0\" data-element_type=\"container\" data-e-type=\"container\">\n\t\t\t\t\t<div class=\"e-con-inner\">\n\t\t\t\t<div class=\"elementor-element elementor-element-85a637a elementor-position-left elementor-position-left elementor-vertical-align-top elementor-vertical-align-top elementor-widget elementor-widget-image-box\" data-id=\"85a637a\" data-element_type=\"widget\" data-e-type=\"widget\" data-widget_type=\"image-box.default\">\n\t\t\t\t<div class=\"elementor-widget-container\">\n\t\t\t\t\t<div class=\"elementor-image-box-wrapper\"><figure class=\"elementor-image-box-img\"><img fetchpriority=\"high\" decoding=\"async\" width=\"1200\" height=\"1600\" src=\"https:\/\/guidepeche07.fr\/wp-content\/uploads\/2024\/12\/Eysse.jpg\" class=\"attachment-full size-full wp-image-2927\" alt=\"Eysse\" srcset=\"https:\/\/guidepeche07.fr\/wp-content\/uploads\/2024\/12\/Eysse.jpg 1200w, https:\/\/guidepeche07.fr\/wp-content\/uploads\/2024\/12\/Eysse-225x300.jpg 225w, https:\/\/guidepeche07.fr\/wp-content\/uploads\/2024\/12\/Eysse-768x1024.jpg 768w, https:\/\/guidepeche07.fr\/wp-content\/uploads\/2024\/12\/Eysse-1152x1536.jpg 1152w\" sizes=\"(max-width: 1200px) 100vw, 1200px\" \/><\/figure><div class=\"elementor-image-box-content\"><h3 class=\"elementor-image-box-title\">L'Eysse<\/h3><p class=\"elementor-image-box-description\">Affluent de l'Eyrieux, cette rivi\u00e8re aussi belle que poissonneuse abrite une tr\u00e8s belle population de truites sauvages. Son acc\u00e8s ais\u00e9 et son biotope sont parfaits pour d\u00e9buter la p\u00eache \u00e0 la mouche ! \nLa limpidit\u00e9 des eaux vous rendront surment sans voix... <\/p><\/div><\/div>\t\t\t\t<\/div>\n\t\t\t\t<\/div>\n\t\t\t\t\t<\/div>\n\t\t\t\t<\/div>\n\t\t<div class=\"elementor-element elementor-element-d6a1497 e-flex e-con-boxed e-con e-parent\" data-id=\"d6a1497\" data-element_type=\"container\" data-e-type=\"container\">\n\t\t\t\t\t<div class=\"e-con-inner\">\n\t\t\t\t<div class=\"elementor-element elementor-element-3e84725 elementor-position-left elementor-vertical-align-top elementor-vertical-align-top elementor-widget elementor-widget-image-box\" data-id=\"3e84725\" data-element_type=\"widget\" data-e-type=\"widget\" data-widget_type=\"image-box.default\">\n\t\t\t\t<div class=\"elementor-widget-container\">\n\t\t\t\t\t<div class=\"elementor-image-box-wrapper\"><figure class=\"elementor-image-box-img\"><img decoding=\"async\" width=\"1200\" height=\"1600\" src=\"https:\/\/guidepeche07.fr\/wp-content\/uploads\/2025\/05\/WhatsApp-Image-2025-05-19-a-22.37.31_92ecaf69.jpg\" class=\"attachment-full size-full wp-image-3004\" alt=\"La Glueyre\" srcset=\"https:\/\/guidepeche07.fr\/wp-content\/uploads\/2025\/05\/WhatsApp-Image-2025-05-19-a-22.37.31_92ecaf69.jpg 1200w, https:\/\/guidepeche07.fr\/wp-content\/uploads\/2025\/05\/WhatsApp-Image-2025-05-19-a-22.37.31_92ecaf69-225x300.jpg 225w, https:\/\/guidepeche07.fr\/wp-content\/uploads\/2025\/05\/WhatsApp-Image-2025-05-19-a-22.37.31_92ecaf69-768x1024.jpg 768w, https:\/\/guidepeche07.fr\/wp-content\/uploads\/2025\/05\/WhatsApp-Image-2025-05-19-a-22.37.31_92ecaf69-1152x1536.jpg 1152w\" sizes=\"(max-width: 1200px) 100vw, 1200px\" \/><\/figure><div class=\"elementor-image-box-content\"><h3 class=\"elementor-image-box-title\">La Glueyre<\/h3><p class=\"elementor-image-box-description\">Une des rivi\u00e8res les plus sauvages de l'Ard\u00e8che avec 2 parcours no-kill, en aval et en amont. ici, les truites n'h\u00e9sitent pas \u00e0 gober d\u00e8s le d\u00e9but de saison, ce qui en fait une rivi\u00e8re tr\u00e8s passionnante \u00e0 p\u00eacher d\u00e8s l'ouverture !<\/p><\/div><\/div>\t\t\t\t<\/div>\n\t\t\t\t<\/div>\n\t\t\t\t<div class=\"elementor-element elementor-element-a935aef elementor-position-left elementor-vertical-align-top elementor-widget elementor-widget-image-box\" data-id=\"a935aef\" data-element_type=\"widget\" data-e-type=\"widget\" data-widget_type=\"image-box.default\">\n\t\t\t\t<div class=\"elementor-widget-container\">\n\t\t\t\t\t<div class=\"elementor-image-box-wrapper\"><figure class=\"elementor-image-box-img\"><img decoding=\"async\" width=\"1200\" height=\"1600\" src=\"https:\/\/guidepeche07.fr\/wp-content\/uploads\/2024\/12\/WhatsApp-Image-2024-12-19-a-18.33.29_a8ec337e.jpg\" class=\"attachment-full size-full wp-image-2906\" alt=\"\" srcset=\"https:\/\/guidepeche07.fr\/wp-content\/uploads\/2024\/12\/WhatsApp-Image-2024-12-19-a-18.33.29_a8ec337e.jpg 1200w, https:\/\/guidepeche07.fr\/wp-content\/uploads\/2024\/12\/WhatsApp-Image-2024-12-19-a-18.33.29_a8ec337e-225x300.jpg 225w, https:\/\/guidepeche07.fr\/wp-content\/uploads\/2024\/12\/WhatsApp-Image-2024-12-19-a-18.33.29_a8ec337e-768x1024.jpg 768w, https:\/\/guidepeche07.fr\/wp-content\/uploads\/2024\/12\/WhatsApp-Image-2024-12-19-a-18.33.29_a8ec337e-1152x1536.jpg 1152w\" sizes=\"(max-width: 1200px) 100vw, 1200px\" \/><\/figure><div class=\"elementor-image-box-content\"><h3 class=\"elementor-image-box-title\">L'Auz\u00e8ne<\/h3><p class=\"elementor-image-box-description\">La population de truite farios est tout simplement exponentielle sur cet affluent de l'Eyrieux. Effectivement, l'Auz\u00e8ne, plus grand no-kill toutes techniques de France, permet de faire des p\u00eaches m\u00e9morables dans un cadre aussi beau que sauvage. D\u00e9paysement garantie !<\/p><\/div><\/div>\t\t\t\t<\/div>\n\t\t\t\t<\/div>\n\t\t\t\t<div class=\"elementor-element elementor-element-8a3426d elementor-position-left elementor-vertical-align-top elementor-vertical-align-top elementor-widget elementor-widget-image-box\" data-id=\"8a3426d\" data-element_type=\"widget\" data-e-type=\"widget\" data-widget_type=\"image-box.default\">\n\t\t\t\t<div class=\"elementor-widget-container\">\n\t\t\t\t\t<div class=\"elementor-image-box-wrapper\"><figure class=\"elementor-image-box-img\"><img loading=\"lazy\" decoding=\"async\" width=\"1920\" height=\"2560\" src=\"https:\/\/guidepeche07.fr\/wp-content\/uploads\/2024\/01\/20220428_153007-1-scaled.jpg\" class=\"attachment-full size-full wp-image-891\" alt=\"Les sources de La Loire\" srcset=\"https:\/\/guidepeche07.fr\/wp-content\/uploads\/2024\/01\/20220428_153007-1-scaled.jpg 1920w, https:\/\/guidepeche07.fr\/wp-content\/uploads\/2024\/01\/20220428_153007-1-225x300.jpg 225w, https:\/\/guidepeche07.fr\/wp-content\/uploads\/2024\/01\/20220428_153007-1-768x1024.jpg 768w, https:\/\/guidepeche07.fr\/wp-content\/uploads\/2024\/01\/20220428_153007-1-1152x1536.jpg 1152w, https:\/\/guidepeche07.fr\/wp-content\/uploads\/2024\/01\/20220428_153007-1-1536x2048.jpg 1536w\" sizes=\"(max-width: 1920px) 100vw, 1920px\" \/><\/figure><div class=\"elementor-image-box-content\"><h3 class=\"elementor-image-box-title\">Les sources de La Loire<\/h3><p class=\"elementor-image-box-description\">Et oui, le fleuve \"La Loire\" prend sa source sur les hauteurs Ard\u00e9choises, au pied du Mont Gerbier de Jonc qui culmine a pr\u00e8s de 1550 m\u00e8tres d'altitude. Cette rivi\u00e8re qui reste fra\u00eeche en \u00e9t\u00e9 est parfaite \u00e0 p\u00eacher en saison estivale. Si vous souhaitez p\u00eacher sur les toits de l'Ard\u00e8che, c'est l\u00e0 qu'il faut aller !<\/p><\/div><\/div>\t\t\t\t<\/div>\n\t\t\t\t<\/div>\n\t\t\t\t<div class=\"elementor-element elementor-element-ce2a27a elementor-position-left elementor-vertical-align-top elementor-vertical-align-top elementor-widget elementor-widget-image-box\" data-id=\"ce2a27a\" data-element_type=\"widget\" data-e-type=\"widget\" data-widget_type=\"image-box.default\">\n\t\t\t\t<div class=\"elementor-widget-container\">\n\t\t\t\t\t<div class=\"elementor-image-box-wrapper\"><figure class=\"elementor-image-box-img\"><img loading=\"lazy\" decoding=\"async\" width=\"1200\" height=\"1600\" src=\"https:\/\/guidepeche07.fr\/wp-content\/uploads\/2025\/05\/WhatsApp-Image-2025-05-19-a-22.10.34_1856f70d.jpg\" class=\"attachment-full size-full wp-image-2982\" alt=\"Le haut Eyrieux\" srcset=\"https:\/\/guidepeche07.fr\/wp-content\/uploads\/2025\/05\/WhatsApp-Image-2025-05-19-a-22.10.34_1856f70d.jpg 1200w, https:\/\/guidepeche07.fr\/wp-content\/uploads\/2025\/05\/WhatsApp-Image-2025-05-19-a-22.10.34_1856f70d-225x300.jpg 225w, https:\/\/guidepeche07.fr\/wp-content\/uploads\/2025\/05\/WhatsApp-Image-2025-05-19-a-22.10.34_1856f70d-768x1024.jpg 768w, https:\/\/guidepeche07.fr\/wp-content\/uploads\/2025\/05\/WhatsApp-Image-2025-05-19-a-22.10.34_1856f70d-1152x1536.jpg 1152w\" sizes=\"(max-width: 1200px) 100vw, 1200px\" \/><\/figure><div class=\"elementor-image-box-content\"><h3 class=\"elementor-image-box-title\">Le haut Eyrieux<\/h3><p class=\"elementor-image-box-description\">Rivi\u00e8re principale de la vall\u00e9e de l'Eyrieux, ce cours d'eau offre des possibilit\u00e9s de p\u00eache multiple de part sa vari\u00e9t\u00e9 de biotope. De tr\u00e8s grosses truites peuplent ces eaux, ce qui rend la p\u00eache sur cette rivi\u00e8re tr\u00e8s excitante...<\/p><\/div><\/div>\t\t\t\t<\/div>\n\t\t\t\t<\/div>\n\t\t\t\t<div class=\"elementor-element elementor-element-b20eff4 elementor-position-left elementor-vertical-align-top elementor-vertical-align-top elementor-widget elementor-widget-image-box\" data-id=\"b20eff4\" data-element_type=\"widget\" data-e-type=\"widget\" data-widget_type=\"image-box.default\">\n\t\t\t\t<div class=\"elementor-widget-container\">\n\t\t\t\t\t<div class=\"elementor-image-box-wrapper\"><figure class=\"elementor-image-box-img\"><img loading=\"lazy\" decoding=\"async\" width=\"1200\" height=\"1600\" src=\"https:\/\/guidepeche07.fr\/wp-content\/uploads\/2024\/12\/WhatsApp-Image-2024-12-19-a-18.39.29_7140296f.jpg\" class=\"attachment-full size-full wp-image-2907\" alt=\"Le Rh\u00f4ne\" srcset=\"https:\/\/guidepeche07.fr\/wp-content\/uploads\/2024\/12\/WhatsApp-Image-2024-12-19-a-18.39.29_7140296f.jpg 1200w, https:\/\/guidepeche07.fr\/wp-content\/uploads\/2024\/12\/WhatsApp-Image-2024-12-19-a-18.39.29_7140296f-225x300.jpg 225w, https:\/\/guidepeche07.fr\/wp-content\/uploads\/2024\/12\/WhatsApp-Image-2024-12-19-a-18.39.29_7140296f-768x1024.jpg 768w, https:\/\/guidepeche07.fr\/wp-content\/uploads\/2024\/12\/WhatsApp-Image-2024-12-19-a-18.39.29_7140296f-1152x1536.jpg 1152w\" sizes=\"(max-width: 1200px) 100vw, 1200px\" \/><\/figure><div class=\"elementor-image-box-content\"><h3 class=\"elementor-image-box-title\">Rh\u00f4ne<\/h3><p class=\"elementor-image-box-description\">Le mythique fleuve Rh\u00f4ne... Un lieu tr\u00e8s pris\u00e9s des p\u00eacheurs \"au gros\" qui traquent les g\u00e9ants du fleuve. Sandre, perches, brochets et silures. Un secteur tr\u00e8s vaste \u00e0 p\u00eacher mais qui peut vous rapporter des poissons troph\u00e9es. <\/p><\/div><\/div>\t\t\t\t<\/div>\n\t\t\t\t<\/div>\n\t\t\t\t<div class=\"elementor-element elementor-element-c776111 elementor-position-left elementor-vertical-align-top elementor-vertical-align-top elementor-widget elementor-widget-image-box\" data-id=\"c776111\" data-element_type=\"widget\" data-e-type=\"widget\" data-widget_type=\"image-box.default\">\n\t\t\t\t<div class=\"elementor-widget-container\">\n\t\t\t\t\t<div class=\"elementor-image-box-wrapper\"><figure class=\"elementor-image-box-img\"><img loading=\"lazy\" decoding=\"async\" width=\"1920\" height=\"2560\" src=\"https:\/\/guidepeche07.fr\/wp-content\/uploads\/2024\/01\/20221117_125907-scaled.jpg\" class=\"attachment-full size-full wp-image-901\" alt=\"Lac de Devesset\" srcset=\"https:\/\/guidepeche07.fr\/wp-content\/uploads\/2024\/01\/20221117_125907-scaled.jpg 1920w, https:\/\/guidepeche07.fr\/wp-content\/uploads\/2024\/01\/20221117_125907-225x300.jpg 225w, https:\/\/guidepeche07.fr\/wp-content\/uploads\/2024\/01\/20221117_125907-768x1024.jpg 768w, https:\/\/guidepeche07.fr\/wp-content\/uploads\/2024\/01\/20221117_125907-1152x1536.jpg 1152w, https:\/\/guidepeche07.fr\/wp-content\/uploads\/2024\/01\/20221117_125907-1536x2048.jpg 1536w\" sizes=\"(max-width: 1920px) 100vw, 1920px\" \/><\/figure><div class=\"elementor-image-box-content\"><h3 class=\"elementor-image-box-title\">Lac de Devesset<\/h3><p class=\"elementor-image-box-description\">Nich\u00e9 \u00e0 1100 m\u00e8tres d'altitude, le lac de Devesset est un \u00e9crin de nature sauvage. Le lac abrite une remarquable population de brochets et perches. Si vous souhaitez apprendre la p\u00eache des carnassiers aux leurres ou \u00e0 la mouche, que ce soit du bord ou en float-tube, dans une ambiance Canadienne, cet endroit est fait pour vous !\nEffectivement tout le tour du lac est faisable \u00e0 pieds et une multitude d'habitats en berges permettent de faire des p\u00eaches m\u00e9morables au streamer et aux leurres de subsurfaces. <\/p><\/div><\/div>\t\t\t\t<\/div>\n\t\t\t\t<\/div>\n\t\t\t\t<div class=\"elementor-element elementor-element-d0c79ad elementor-position-left elementor-vertical-align-top elementor-vertical-align-top elementor-widget elementor-widget-image-box\" data-id=\"d0c79ad\" data-element_type=\"widget\" data-e-type=\"widget\" data-widget_type=\"image-box.default\">\n\t\t\t\t<div class=\"elementor-widget-container\">\n\t\t\t\t\t<div class=\"elementor-image-box-wrapper\"><figure class=\"elementor-image-box-img\"><img loading=\"lazy\" decoding=\"async\" width=\"1200\" height=\"1600\" src=\"https:\/\/guidepeche07.fr\/wp-content\/uploads\/2024\/12\/WhatsApp-Image-2024-12-19-a-18.40.51_c39473cb.jpg\" class=\"attachment-full size-full wp-image-2908\" alt=\"Lac de Veron\" srcset=\"https:\/\/guidepeche07.fr\/wp-content\/uploads\/2024\/12\/WhatsApp-Image-2024-12-19-a-18.40.51_c39473cb.jpg 1200w, https:\/\/guidepeche07.fr\/wp-content\/uploads\/2024\/12\/WhatsApp-Image-2024-12-19-a-18.40.51_c39473cb-225x300.jpg 225w, https:\/\/guidepeche07.fr\/wp-content\/uploads\/2024\/12\/WhatsApp-Image-2024-12-19-a-18.40.51_c39473cb-768x1024.jpg 768w, https:\/\/guidepeche07.fr\/wp-content\/uploads\/2024\/12\/WhatsApp-Image-2024-12-19-a-18.40.51_c39473cb-1152x1536.jpg 1152w\" sizes=\"(max-width: 1200px) 100vw, 1200px\" \/><\/figure><div class=\"elementor-image-box-content\"><h3 class=\"elementor-image-box-title\">Lac de Veron<\/h3><p class=\"elementor-image-box-description\">Ce plan d'eau priv\u00e9 est un r\u00e9servoir de p\u00eache \u00e0 la mouche. Id\u00e9al pour des d\u00e9butants, des personnes en difficult\u00e9s motrices, o\u00f9 encore pour garder la main en saison automnale et hivernale. \nLa population de truite est \u00e9galement exceptionnelle ce qui permet de faire de belles p\u00eaches que ce soit en s\u00e8che, en nymphe ou encore au streamer. <\/p><\/div><\/div>\t\t\t\t<\/div>\n\t\t\t\t<\/div>\n\t\t\t\t<div class=\"elementor-element elementor-element-6dbc915 elementor-position-left elementor-vertical-align-top elementor-vertical-align-top elementor-widget elementor-widget-image-box\" data-id=\"6dbc915\" data-element_type=\"widget\" data-e-type=\"widget\" data-widget_type=\"image-box.default\">\n\t\t\t\t<div class=\"elementor-widget-container\">\n\t\t\t\t\t<div class=\"elementor-image-box-wrapper\"><figure class=\"elementor-image-box-img\"><img loading=\"lazy\" decoding=\"async\" width=\"1200\" height=\"1600\" src=\"https:\/\/guidepeche07.fr\/wp-content\/uploads\/2024\/12\/WhatsApp-Image-2024-12-19-a-18.46.16_fd879174.jpg\" class=\"attachment-full size-full wp-image-2909\" alt=\"\" srcset=\"https:\/\/guidepeche07.fr\/wp-content\/uploads\/2024\/12\/WhatsApp-Image-2024-12-19-a-18.46.16_fd879174.jpg 1200w, https:\/\/guidepeche07.fr\/wp-content\/uploads\/2024\/12\/WhatsApp-Image-2024-12-19-a-18.46.16_fd879174-225x300.jpg 225w, https:\/\/guidepeche07.fr\/wp-content\/uploads\/2024\/12\/WhatsApp-Image-2024-12-19-a-18.46.16_fd879174-768x1024.jpg 768w, https:\/\/guidepeche07.fr\/wp-content\/uploads\/2024\/12\/WhatsApp-Image-2024-12-19-a-18.46.16_fd879174-1152x1536.jpg 1152w\" sizes=\"(max-width: 1200px) 100vw, 1200px\" \/><\/figure><div class=\"elementor-image-box-content\"><h3 class=\"elementor-image-box-title\">Gravi\u00e8res<\/h3><p class=\"elementor-image-box-description\">Ces lieux sont des lacs artificiels creus\u00e9s par l'Homme pour l'exploitation des s\u00e9diments. Aujourd'hui ses gravi\u00e8res sont inexploit\u00e9es et les poissons sont redevenus ma\u00eetres des lieux. Carpes, tanches, brochets, black-bass, ... Tant d'esp\u00e8ces qui permettent d'exercer une vari\u00e9t\u00e9 de techniques et d'approches de p\u00eache, toutes autant diff\u00e9rentes les unes que les autres. <\/p><\/div><\/div>\t\t\t\t<\/div>\n\t\t\t\t<\/div>\n\t\t\t\t\t<\/div>\n\t\t\t\t<\/div>\n\t\t<div class=\"elementor-element elementor-element-94bdfff e-flex e-con-boxed e-con e-parent\" data-id=\"94bdfff\" data-element_type=\"container\" data-e-type=\"container\">\n\t\t\t\t\t<div class=\"e-con-inner\">\n\t\t\t\t<div class=\"elementor-element elementor-element-bce574f elementor-widget-divider--view-line elementor-widget elementor-widget-divider\" data-id=\"bce574f\" data-element_type=\"widget\" data-e-type=\"widget\" data-widget_type=\"divider.default\">\n\t\t\t\t<div class=\"elementor-widget-container\">\n\t\t\t\t\t\t\t<div class=\"elementor-divider\">\n\t\t\t<span class=\"elementor-divider-separator\">\n\t\t\t\t\t\t<\/span>\n\t\t<\/div>\n\t\t\t\t\t\t<\/div>\n\t\t\t\t<\/div>\n\t\t\t\t\t<\/div>\n\t\t\t\t<\/div>\n\t\t<div class=\"elementor-element elementor-element-d694b27 e-flex e-con-boxed e-con e-parent\" data-id=\"d694b27\" data-element_type=\"container\" data-e-type=\"container\">\n\t\t\t\t\t<div class=\"e-con-inner\">\n\t\t\t\t<div class=\"elementor-element elementor-element-7f713b8 elementor-shape-circle elementor-grid-0 e-grid-align-center elementor-widget elementor-widget-social-icons\" data-id=\"7f713b8\" data-element_type=\"widget\" data-e-type=\"widget\" data-widget_type=\"social-icons.default\">\n\t\t\t\t<div class=\"elementor-widget-container\">\n\t\t\t\t\t\t\t<div class=\"elementor-social-icons-wrapper elementor-grid\" role=\"list\">\n\t\t\t\t\t\t\t<span class=\"elementor-grid-item\" role=\"listitem\">\n\t\t\t\t\t<a class=\"elementor-icon elementor-social-icon elementor-social-icon-facebook elementor-repeater-item-7a3abbb\" href=\"https:\/\/www.facebook.com\/profile.php?id=61555675205696\" target=\"_blank\">\n\t\t\t\t\t\t<span class=\"elementor-screen-only\">Facebook<\/span>\n\t\t\t\t\t\t<svg aria-hidden=\"true\" class=\"e-font-icon-svg e-fab-facebook\" viewBox=\"0 0 512 512\" xmlns=\"http:\/\/www.w3.org\/2000\/svg\"><path d=\"M504 256C504 119 393 8 256 8S8 119 8 256c0 123.78 90.69 226.38 209.25 245V327.69h-63V256h63v-54.64c0-62.15 37-96.48 93.67-96.48 27.14 0 55.52 4.84 55.52 4.84v61h-31.28c-30.8 0-40.41 19.12-40.41 38.73V256h68.78l-11 71.69h-57.78V501C413.31 482.38 504 379.78 504 256z\"><\/path><\/svg>\t\t\t\t\t<\/a>\n\t\t\t\t<\/span>\n\t\t\t\t\t\t\t<span class=\"elementor-grid-item\" role=\"listitem\">\n\t\t\t\t\t<a class=\"elementor-icon elementor-social-icon elementor-social-icon-instagram elementor-repeater-item-035adc0\" href=\"https:\/\/www.instagram.com\/quentin_guidepeche07\/\" target=\"_blank\">\n\t\t\t\t\t\t<span class=\"elementor-screen-only\">Instagram<\/span>\n\t\t\t\t\t\t<svg aria-hidden=\"true\" class=\"e-font-icon-svg e-fab-instagram\" viewBox=\"0 0 448 512\" xmlns=\"http:\/\/www.w3.org\/2000\/svg\"><path d=\"M224.1 141c-63.6 0-114.9 51.3-114.9 114.9s51.3 114.9 114.9 114.9S339 319.5 339 255.9 287.7 141 224.1 141zm0 189.6c-41.1 0-74.7-33.5-74.7-74.7s33.5-74.7 74.7-74.7 74.7 33.5 74.7 74.7-33.6 74.7-74.7 74.7zm146.4-194.3c0 14.9-12 26.8-26.8 26.8-14.9 0-26.8-12-26.8-26.8s12-26.8 26.8-26.8 26.8 12 26.8 26.8zm76.1 27.2c-1.7-35.9-9.9-67.7-36.2-93.9-26.2-26.2-58-34.4-93.9-36.2-37-2.1-147.9-2.1-184.9 0-35.8 1.7-67.6 9.9-93.9 36.1s-34.4 58-36.2 93.9c-2.1 37-2.1 147.9 0 184.9 1.7 35.9 9.9 67.7 36.2 93.9s58 34.4 93.9 36.2c37 2.1 147.9 2.1 184.9 0 35.9-1.7 67.7-9.9 93.9-36.2 26.2-26.2 34.4-58 36.2-93.9 2.1-37 2.1-147.8 0-184.8zM398.8 388c-7.8 19.6-22.9 34.7-42.6 42.6-29.5 11.7-99.5 9-132.1 9s-102.7 2.6-132.1-9c-19.6-7.8-34.7-22.9-42.6-42.6-11.7-29.5-9-99.5-9-132.1s-2.6-102.7 9-132.1c7.8-19.6 22.9-34.7 42.6-42.6 29.5-11.7 99.5-9 132.1-9s102.7-2.6 132.1 9c19.6 7.8 34.7 22.9 42.6 42.6 11.7 29.5 9 99.5 9 132.1s2.7 102.7-9 132.1z\"><\/path><\/svg>\t\t\t\t\t<\/a>\n\t\t\t\t<\/span>\n\t\t\t\t\t\t\t<span class=\"elementor-grid-item\" role=\"listitem\">\n\t\t\t\t\t<a class=\"elementor-icon elementor-social-icon elementor-social-icon-whatsapp elementor-repeater-item-158696d\" href=\"https:\/\/wa.me\/33658712842\" target=\"_blank\">\n\t\t\t\t\t\t<span class=\"elementor-screen-only\">Whatsapp<\/span>\n\t\t\t\t\t\t<svg aria-hidden=\"true\" class=\"e-font-icon-svg e-fab-whatsapp\" viewBox=\"0 0 448 512\" xmlns=\"http:\/\/www.w3.org\/2000\/svg\"><path d=\"M380.9 97.1C339 55.1 283.2 32 223.9 32c-122.4 0-222 99.6-222 222 0 39.1 10.2 77.3 29.6 111L0 480l117.7-30.9c32.4 17.7 68.9 27 106.1 27h.1c122.3 0 224.1-99.6 224.1-222 0-59.3-25.2-115-67.1-157zm-157 341.6c-33.2 0-65.7-8.9-94-25.7l-6.7-4-69.8 18.3L72 359.2l-4.4-7c-18.5-29.4-28.2-63.3-28.2-98.2 0-101.7 82.8-184.5 184.6-184.5 49.3 0 95.6 19.2 130.4 54.1 34.8 34.9 56.2 81.2 56.1 130.5 0 101.8-84.9 184.6-186.6 184.6zm101.2-138.2c-5.5-2.8-32.8-16.2-37.9-18-5.1-1.9-8.8-2.8-12.5 2.8-3.7 5.6-14.3 18-17.6 21.8-3.2 3.7-6.5 4.2-12 1.4-32.6-16.3-54-29.1-75.5-66-5.7-9.8 5.7-9.1 16.3-30.3 1.8-3.7.9-6.9-.5-9.7-1.4-2.8-12.5-30.1-17.1-41.2-4.5-10.8-9.1-9.3-12.5-9.5-3.2-.2-6.9-.2-10.6-.2-3.7 0-9.7 1.4-14.8 6.9-5.1 5.6-19.4 19-19.4 46.3 0 27.3 19.9 53.7 22.6 57.4 2.8 3.7 39.1 59.7 94.8 83.8 35.2 15.2 49 16.5 66.6 13.9 10.7-1.6 32.8-13.4 37.4-26.4 4.6-13 4.6-24.1 3.2-26.4-1.3-2.5-5-3.9-10.5-6.6z\"><\/path><\/svg>\t\t\t\t\t<\/a>\n\t\t\t\t<\/span>\n\t\t\t\t\t<\/div>\n\t\t\t\t\t\t<\/div>\n\t\t\t\t<\/div>\n\t\t\t\t\t<\/div>\n\t\t\t\t<\/div>\n\t\t\t\t<\/div>\n\t\t","protected":false},"excerpt":{"rendered":"<p>Les spots de p\u00eache Des rivi\u00e8res et lacs avec des paysages \u00e0 couper le souffle et des poissons aux robes si particuli\u00e8res qui laissent r\u00eaveur&#8230;\u00a0\u00a0 L&rsquo;Eysse Affluent de l&rsquo;Eyrieux, cette rivi\u00e8re aussi belle que poissonneuse abrite une tr\u00e8s belle population de truites sauvages. Son acc\u00e8s ais\u00e9 et son biotope sont [&hellip;]<\/p>\n","protected":false},"author":1,"featured_media":0,"parent":0,"menu_order":0,"comment_status":"closed","ping_status":"closed","template":"page-templates\/template-pagebuilder-full-width.php","meta":{"om_disable_all_campaigns":false,"_monsterinsights_skip_tracking":false,"_monsterinsights_sitenote_active":false,"_monsterinsights_sitenote_note":"","_monsterinsights_sitenote_category":0,"footnotes":""},"class_list":["post-2903","page","type-page","status-publish","hentry"],"aioseo_notices":[],"_links":{"self":[{"href":"https:\/\/guidepeche07.fr\/index.php\/wp-json\/wp\/v2\/pages\/2903","targetHints":{"allow":["GET"]}}],"collection":[{"href":"https:\/\/guidepeche07.fr\/index.php\/wp-json\/wp\/v2\/pages"}],"about":[{"href":"https:\/\/guidepeche07.fr\/index.php\/wp-json\/wp\/v2\/types\/page"}],"author":[{"embeddable":true,"href":"https:\/\/guidepeche07.fr\/index.php\/wp-json\/wp\/v2\/users\/1"}],"replies":[{"embeddable":true,"href":"https:\/\/guidepeche07.fr\/index.php\/wp-json\/wp\/v2\/comments?post=2903"}],"version-history":[{"count":26,"href":"https:\/\/guidepeche07.fr\/index.php\/wp-json\/wp\/v2\/pages\/2903\/revisions"}],"predecessor-version":[{"id":3007,"href":"https:\/\/guidepeche07.fr\/index.php\/wp-json\/wp\/v2\/pages\/2903\/revisions\/3007"}],"wp:attachment":[{"href":"https:\/\/guidepeche07.fr\/index.php\/wp-json\/wp\/v2\/media?parent=2903"}],"curies":[{"name":"wp","href":"https:\/\/api.w.org\/{rel}","templated":true}]}}